{"id":2178,"date":"2020-12-07T08:07:46","date_gmt":"2020-12-07T05:07:46","guid":{"rendered":"https:\/\/agrardialog-kaz.de\/?page_id=2178"},"modified":"2024-01-15T17:54:27","modified_gmt":"2024-01-15T11:54:27","slug":"zielsetzung","status":"publish","type":"page","link":"https:\/\/agrardialog-kaz.de\/de\/zielsetzung\/","title":{"rendered":"Zielsetzung"},"content":{"rendered":"\n<p>Der Deutsch-Kasachische Agrarpolitische Dialog (APD) zwischen Deutschland und Kasachstan ist ein Instrument des bi-nationalen fachlichen und fachpolitischen Austausches von Erfahrungen, Sichtweisen und Policies im Kontext der Transformation hin zu resilienten, nachhaltigen Ern\u00e4hrungssystemen. Unsere gemeinsamen Ziele sind: zur Verwirklichung des Rechts auf Nahrung beizutragen, Klimagerechtigkeit und eine Agrar- und Ern\u00e4hrungswirtschaft, die Ern\u00e4hrungssicherheit und Besch\u00e4ftigungsperspektiven schafft. Sowohl Kasachstan als auch Deutschland verf\u00fcgen \u00fcber einen starken und in globalen Lieferketten eingebundenen Agrarsektor, vielf\u00e4ltige Landwirtschaftsstrukturen, eine aktive Zivilgesellschaft und hohe wissenschaftliche Expertise. Die relevanten Akteure beider L\u00e4nder sind an der Vertiefung eines offenen und sachlichen Dialogs interessiert, weil die Herausforderungen der Ern\u00e4hrungs- und Landwirtschaftspolitik zunehmend regional weiterentwickelt und global vernetzt verstanden werden und nur in Kooperation und in gegenseitigem Verst\u00e4ndnis gemeistert werden k\u00f6nnen.<\/p>\n\n\n\n<p>Der APD ist ein auf Grundlage eines Beschlusses des Deutschen Bundestages vom Bundesministerium f\u00fcr Ern\u00e4hrung und Landwirtschaft (BMEL) seit 2009 gef\u00f6rdertes Projekt. Ziel ist, Kasachstan in der Formulierung von agrarpolitischen Pl\u00e4nen und Strategien mit Hilfe von Erfahrungen aus Deutschland und anderen europ\u00e4ischen L\u00e4ndern zu unterst\u00fctzen. Reformprozesse sollen begleitet werden; einerseits auf nachfrageorientierter Basis auf der Dialogplattform, und auf weiteren Plattformen f\u00fcr \u00d6kolandbau und Agrarfinanzierung. Beiden Themen wird in Kasachstan eine hohe Priorit\u00e4t zugemessen. Die Aufgabe der vierten Plattform ist das \u201eRegionalkonzept Zentralasien\u201c mit einer regionalen Arbeitsgruppe zu Schwerpunktthemen im Bereich Klimaresilienz und Landwirtschaft zu koordinieren. Der APD hat bereits in den vergangenen Phasen Expertise zu diesen Themen bereitgestellt:<\/p>\n\n\n\n<ol class=\"wp-block-list\">\n<li>\u00ab\u201eDialogplattform f\u00fcr nachhaltige Landwirtschaft\u00bb\u201c: Diskussion zentraler agrarfachlicher Themen, um auf politischer, wirtschaftlicher, wissenschaftlicher und gesellschaftlicher Ebene Akzente f\u00fcr eine moderne und nachhaltige Landwirtschaft zu setzen.<\/li>\n\n\n\n<li>Plattform \u00ab\u201e\u00d6kologischer Landbau\u00bb\u201c: Austausch zu den rechtlichen und fachlichen Grundlagen und Rahmenbedingungen des \u00f6kologischen Landbaus.<\/li>\n\n\n\n<li>Plattform \u00ab\u201eAgrarfinanzierung\u00bb\u201c: Unterst\u00fctzung des Systems der Agrarfinanzierung.<\/li>\n\n\n\n<li>Plattform \u00ab\u201eRegionalkonzept Zentralasien\u00bb\u201c: Aufbau einer regionalen Arbeitsgruppe zu einem Schwerpunktthema im Bereich Klimaresilienz und Landwirtschaft.<br>Der APD arbeitet in enger Abstimmung mit dem Ministerium f\u00fcr Landwirtschaft der Republik Kasachstan. Als operativer Partner f\u00fcr die Projektdurchf\u00fchrung in Kasachstan fungiert das Nationale Zentrum f\u00fcr Agrarwissenschaft und Bildung (NANOZ). NANOZ koordiniert im Auftrag des kasachischen Ministeriums f\u00fcr Landwirtschaft die Agrar-Forschungsinstitute, drei Agraruniversit\u00e4ten sowie Weiterbildungszentren des kasachischen Agrarsektors.<br>Das Projekt hat sich im Laufe seines mehr als 10-j\u00e4hrigen Bestehens durch aktuelle und in die Zukunft weisende Tagungen, Expertenbeitr\u00e4ge, internationalen Erfahrungsaustausch, die aktuelle und in die Zukunft weisende Themen zum Inhalt haben, zu einem wichtigen Instrument der Zusammenarbeit im Agrarbereich zwischen Deutschland und Kasachstan entwickelt.<br>Zur Zielgruppe des Projekts z\u00e4hlen neben dem kasachischen Landwirtschaftsministerium und NANOZ, das kasachische Parlament, die AgriculturalCredit Company, Banken der 2. Ebene, Kreditgenossenschaften und die Einrichtungen und Verb\u00e4nde des \u00f6kologischen Landbaus. Weitere Zielgruppe sind Multiplikatoren der deutschen, europ\u00e4ischen und kasachischen Agrarwirtschaft und -wissenschaft.<br>Weitere Informationen zum Projekt:<br>Geber: Bundesministerium f\u00fcr Ern\u00e4hrung und Landwirtschaft der Bundesrepublik Deutschland<br>Laufende Projektphase: 20.01.2023 \u2013 19.01.2026<br>Durchf\u00fchrer: Das Projekt wird \u00fcber den Mandatar GFA Consulting Group GmbH sowie den Durchf\u00fchrer die GOPA AFC GmbH. F\u00fcr den Bereich \u00d6kologischer Landbau ist IFOAM \u2013 Organics International als Partner in das Projekt eingebunden.<\/li>\n<\/ol>\n\n\n\n<p><\/p>\n\n\n\n<ol class=\"wp-block-list\">\n<li><\/li>\n<\/ol>\n","protected":false},"excerpt":{"rendered":"<p>Der Deutsch-Kasachische Agrarpolitische Dialog (APD) zwischen Deutschland und Kasachstan ist ein Instrument des bi-nationalen fachlichen und fachpolitischen Austausches von Erfahrungen, Sichtweisen und Policies im Kontext der Transformation hin zu resilienten, nachhaltigen Ern\u00e4hrungssystemen. Unsere gemeinsamen Ziele sind: zur Verwirklichung des Rechts auf Nahrung beizutragen, Klimagerechtigkeit und eine Agrar- und Ern\u00e4hrungswirtschaft, die Ern\u00e4hrungssicherheit und Besch\u00e4ftigungsperspektiven schafft. Sowohl [&hellip;]<\/p>\n","protected":false},"author":4,"featured_media":0,"parent":0,"menu_order":3,"comment_status":"closed","ping_status":"closed","template":"","meta":{"site-sidebar-layout":"default","site-content-layout":"default","ast-site-content-layout":"","site-content-style":"default","site-sidebar-style":"default","ast-global-header-display":"","ast-banner-title-visibility":"","ast-main-header-display":"","ast-hfb-above-header-display":"","ast-hfb-below-header-display":"","ast-hfb-mobile-header-display":"","site-post-title":"","ast-breadcrumbs-content":"","ast-featured-img":"","footer-sml-layout":"","theme-transparent-header-meta":"default","adv-header-id-meta":"","stick-header-meta":"","header-above-stick-meta":"","header-main-stick-meta":"","header-below-stick-meta":"","astra-migrate-meta-layouts":"default","ast-page-background-enabled":"default","ast-page-background-meta":{"desktop":{"background-color":"","background-image":"","background-repeat":"repeat","background-position":"center center","background-size":"auto","background-attachment":"scroll","background-type":"","background-media":"","overlay-type":"","overlay-color":"","overlay-opacity":"","overlay-gradient":""},"tablet":{"background-color":"","background-image":"","background-repeat":"repeat","background-position":"center center","background-size":"auto","background-attachment":"scroll","background-type":"","background-media":"","overlay-type":"","overlay-color":"","overlay-opacity":"","overlay-gradient":""},"mobile":{"background-color":"","background-image":"","background-repeat":"repeat","background-position":"center center","background-size":"auto","background-attachment":"scroll","background-type":"","background-media":"","overlay-type":"","overlay-color":"","overlay-opacity":"","overlay-gradient":""}},"ast-content-background-meta":{"desktop":{"background-color":"var(--ast-global-color-5)","background-image":"","background-repeat":"repeat","background-position":"center center","background-size":"auto","background-attachment":"scroll","background-type":"","background-media":"","overlay-type":"","overlay-color":"","overlay-opacity":"","overlay-gradient":""},"tablet":{"background-color":"var(--ast-global-color-5)","background-image":"","background-repeat":"repeat","background-position":"center center","background-size":"auto","background-attachment":"scroll","background-type":"","background-media":"","overlay-type":"","overlay-color":"","overlay-opacity":"","overlay-gradient":""},"mobile":{"background-color":"var(--ast-global-color-5)","background-image":"","background-repeat":"repeat","background-position":"center center","background-size":"auto","background-attachment":"scroll","background-type":"","background-media":"","overlay-type":"","overlay-color":"","overlay-opacity":"","overlay-gradient":""}},"footnotes":""},"class_list":["post-2178","page","type-page","status-publish","hentry"],"_links":{"self":[{"href":"https:\/\/agrardialog-kaz.de\/de\/wp-json\/wp\/v2\/pages\/2178","targetHints":{"allow":["GET"]}}],"collection":[{"href":"https:\/\/agrardialog-kaz.de\/de\/wp-json\/wp\/v2\/pages"}],"about":[{"href":"https:\/\/agrardialog-kaz.de\/de\/wp-json\/wp\/v2\/types\/page"}],"author":[{"embeddable":true,"href":"https:\/\/agrardialog-kaz.de\/de\/wp-json\/wp\/v2\/users\/4"}],"replies":[{"embeddable":true,"href":"https:\/\/agrardialog-kaz.de\/de\/wp-json\/wp\/v2\/comments?post=2178"}],"version-history":[{"count":5,"href":"https:\/\/agrardialog-kaz.de\/de\/wp-json\/wp\/v2\/pages\/2178\/revisions"}],"predecessor-version":[{"id":6810,"href":"https:\/\/agrardialog-kaz.de\/de\/wp-json\/wp\/v2\/pages\/2178\/revisions\/6810"}],"wp:attachment":[{"href":"https:\/\/agrardialog-kaz.de\/de\/wp-json\/wp\/v2\/media?parent=2178"}],"curies":[{"name":"wp","href":"https:\/\/api.w.org\/{rel}","templated":true}]}}