{"id":2173,"date":"2020-12-07T08:04:33","date_gmt":"2020-12-07T05:04:33","guid":{"rendered":"https:\/\/agrardialog-kaz.de\/?page_id=2173"},"modified":"2025-01-05T19:33:54","modified_gmt":"2025-01-05T13:33:54","slug":"unsere-mitarbeiter","status":"publish","type":"page","link":"https:\/\/agrardialog-kaz.de\/de\/unsere-mitarbeiter\/","title":{"rendered":"Unsere Mitarbeiter"},"content":{"rendered":"\t\t<div data-elementor-type=\"wp-page\" data-elementor-id=\"2173\" class=\"elementor elementor-2173\">\n\t\t\t\t\t\t<section class=\"elementor-section elementor-top-section elementor-element elementor-element-63f75a9 elementor-section-boxed elementor-section-height-default elementor-section-height-default\" data-id=\"63f75a9\" data-element_type=\"section\">\n\t\t\t\t\t\t<div class=\"elementor-container elementor-column-gap-default\">\n\t\t\t\t\t<div class=\"elementor-column elementor-col-100 elementor-top-column elementor-element elementor-element-6413ac1\" data-id=\"6413ac1\" data-element_type=\"column\">\n\t\t\t<div class=\"elementor-widget-wrap elementor-element-populated\">\n\t\t\t\t\t\t<div class=\"elementor-element elementor-element-1e245e3 elementor-widget elementor-widget-text-editor\" data-id=\"1e245e3\" data-element_type=\"widget\" data-widget_type=\"text-editor.default\">\n\t\t\t\t<div class=\"elementor-widget-container\">\n\t\t\t\t\t\t\t<p><strong>B\u00fcro in Kasachstan:<\/strong><\/p><p>Deutsch-Kasachischer Agrarpolitischer Dialog<\/p><p>010000 Kasachstan Astana, Kabanbay Batyra 17, Office 608<\/p><p>\u00a0<\/p>\t\t\t\t\t\t<\/div>\n\t\t\t\t<\/div>\n\t\t\t\t\t<\/div>\n\t\t<\/div>\n\t\t\t\t\t<\/div>\n\t\t<\/section>\n\t\t\t\t<section class=\"elementor-section elementor-top-section elementor-element elementor-element-03e7ddc elementor-section-boxed elementor-section-height-default elementor-section-height-default\" data-id=\"03e7ddc\" data-element_type=\"section\">\n\t\t\t\t\t\t<div class=\"elementor-container elementor-column-gap-default\">\n\t\t\t\t\t<div class=\"elementor-column elementor-col-50 elementor-top-column elementor-element elementor-element-42547f1\" data-id=\"42547f1\" data-element_type=\"column\">\n\t\t\t<div class=\"elementor-widget-wrap elementor-element-populated\">\n\t\t\t\t\t\t<div class=\"elementor-element elementor-element-ae57c3d elementor-widget elementor-widget-text-editor\" data-id=\"ae57c3d\" data-element_type=\"widget\" data-widget_type=\"text-editor.default\">\n\t\t\t\t<div class=\"elementor-widget-container\">\n\t\t\t\t\t\t\t<p><strong>Klaus<\/strong> <strong>John<\/strong><strong> \u2013 Projektleiter<\/strong><\/p><p>\u00a0<\/p><p>Aufgewachsen ist Klaus John in Irland und ist bereits 40 Jahre in der Agrar- und Ern\u00e4hrungswirtschaft t\u00e4tig. Nach der praktischen Ausbildung und dem Studium der Agrarwissenschaften fand er seinen beruflichen Einstieg in der landwirtschaftlichen Unternehmensberatung. In diesem Feld ist er bis heute mit gro\u00dfem Engagement t\u00e4tig und k\u00fcmmert sich mit Partnerunternehmen um innovative Zukunftsprojekte. Durch die Arbeit im Gro\u00dfhandel ist er gut vernetzt, von der landwirtschaftlichen Praxis bis zur Ern\u00e4hrungsindustrie. Die landwirtschaftliche Weiterentwicklung weltweit stand immer im Fokus seines Arbeitslebens. Neben l\u00e4ngeren Aufenthalten in Afrika und Russland veranstaltet er mit seiner Partnerin landwirtschaftliche Studienreisen weltweit.\u00a0Herr\u00a0John\u00a0spricht flie\u00dfend Englisch und Deutsch.<\/p>\t\t\t\t\t\t<\/div>\n\t\t\t\t<\/div>\n\t\t\t\t\t<\/div>\n\t\t<\/div>\n\t\t\t\t<div class=\"elementor-column elementor-col-50 elementor-top-column elementor-element elementor-element-191229e\" data-id=\"191229e\" data-element_type=\"column\">\n\t\t\t<div class=\"elementor-widget-wrap elementor-element-populated\">\n\t\t\t\t\t\t<div class=\"elementor-element elementor-element-aadaf23 elementor-widget elementor-widget-image\" data-id=\"aadaf23\" data-element_type=\"widget\" data-widget_type=\"image.default\">\n\t\t\t\t<div class=\"elementor-widget-container\">\n\t\t\t\t\t\t\t\t\t\t<figure class=\"wp-caption\">\n\t\t\t\t\t\t\t\t\t\t<img fetchpriority=\"high\" decoding=\"async\" width=\"827\" height=\"1065\" src=\"https:\/\/agrardialog-kaz.de\/wp-content\/uploads\/2025\/01\/Klaus_Passbild_digital_Marz2024.jpg\" class=\"attachment-full size-full wp-image-7572\" alt=\"\" srcset=\"https:\/\/agrardialog-kaz.de\/wp-content\/uploads\/2025\/01\/Klaus_Passbild_digital_Marz2024.jpg 827w, https:\/\/agrardialog-kaz.de\/wp-content\/uploads\/2025\/01\/Klaus_Passbild_digital_Marz2024-233x300.jpg 233w, https:\/\/agrardialog-kaz.de\/wp-content\/uploads\/2025\/01\/Klaus_Passbild_digital_Marz2024-795x1024.jpg 795w, https:\/\/agrardialog-kaz.de\/wp-content\/uploads\/2025\/01\/Klaus_Passbild_digital_Marz2024-768x989.jpg 768w\" sizes=\"(max-width: 827px) 100vw, 827px\" \/>\t\t\t\t\t\t\t\t\t\t\t<figcaption class=\"widget-image-caption wp-caption-text\">+49 178 8324756 Klaus.John@gopa-afc.de<\/figcaption>\n\t\t\t\t\t\t\t\t\t\t<\/figure>\n\t\t\t\t\t\t\t<\/div>\n\t\t\t\t<\/div>\n\t\t\t\t\t<\/div>\n\t\t<\/div>\n\t\t\t\t\t<\/div>\n\t\t<\/section>\n\t\t\t\t<section class=\"elementor-section elementor-top-section elementor-element elementor-element-e99e88e elementor-section-boxed elementor-section-height-default elementor-section-height-default\" data-id=\"e99e88e\" data-element_type=\"section\">\n\t\t\t\t\t\t<div class=\"elementor-container elementor-column-gap-default\">\n\t\t\t\t\t<div class=\"elementor-column elementor-col-50 elementor-top-column elementor-element elementor-element-924e609\" data-id=\"924e609\" data-element_type=\"column\">\n\t\t\t<div class=\"elementor-widget-wrap elementor-element-populated\">\n\t\t\t\t\t\t<div class=\"elementor-element elementor-element-88ddc5e elementor-widget elementor-widget-text-editor\" data-id=\"88ddc5e\" data-element_type=\"widget\" data-widget_type=\"text-editor.default\">\n\t\t\t\t<div class=\"elementor-widget-container\">\n\t\t\t\t\t\t\t<p><strong>Saibjabbor Khasanov Expert on Organic Agriculture<\/strong><\/p><p><span lang=\"DE\" style=\"font-style: normal; font-weight: 400; color: #2c2d2e; font-family: Arial, Tahoma, Verdana, sans-serif; font-size: 12pt;\">Herr Khasanov schloss sein Studium der Wasserwirtschaft und \u00d6konomie an der Universit\u00e4t Taschkent ab und machte einen Master of Science in \u00f6kologischer Landwirtschaft an der Universit\u00e4t Kassel. Er hat ein non-degree Programm \u00fcber landwirtschaftliche Beratungsdienste, Agrarpolitik und Ressourcen\u00f6konomie an der Colorado State University in den USA absolviert. <\/span><span style=\"font-style: normal; font-weight: 400; color: #2c2d2e; font-family: Arial, Tahoma, Verdana, sans-serif; font-size: 12pt;\">Herr <\/span><span lang=\"DE\" style=\"font-style: normal; font-weight: 400; color: #2c2d2e; font-family: Arial, Tahoma, Verdana, sans-serif; font-size: 12pt;\">Khasanov <\/span><span style=\"font-style: normal; font-weight: 400; color: #2c2d2e; font-family: Arial, Tahoma, Verdana, sans-serif; font-size: 12pt;\">spricht flie\u00dfend Russisch, Englisch und Deutsch.<\/span><\/p>\t\t\t\t\t\t<\/div>\n\t\t\t\t<\/div>\n\t\t\t\t\t<\/div>\n\t\t<\/div>\n\t\t\t\t<div class=\"elementor-column elementor-col-50 elementor-top-column elementor-element elementor-element-eee739e\" data-id=\"eee739e\" data-element_type=\"column\">\n\t\t\t<div class=\"elementor-widget-wrap elementor-element-populated\">\n\t\t\t\t\t\t<div class=\"elementor-element elementor-element-bf45a3b elementor-widget elementor-widget-image\" data-id=\"bf45a3b\" data-element_type=\"widget\" data-widget_type=\"image.default\">\n\t\t\t\t<div class=\"elementor-widget-container\">\n\t\t\t\t\t\t\t\t\t\t<figure class=\"wp-caption\">\n\t\t\t\t\t\t\t\t\t\t<img decoding=\"async\" width=\"211\" height=\"330\" src=\"https:\/\/agrardialog-kaz.de\/wp-content\/uploads\/2023\/02\/WhatsApp-Image-2023-02-22-at-10.27.05.jpeg\" class=\"attachment-full size-full wp-image-5710\" alt=\"\" srcset=\"https:\/\/agrardialog-kaz.de\/wp-content\/uploads\/2023\/02\/WhatsApp-Image-2023-02-22-at-10.27.05.jpeg 211w, https:\/\/agrardialog-kaz.de\/wp-content\/uploads\/2023\/02\/WhatsApp-Image-2023-02-22-at-10.27.05-192x300.jpeg 192w\" sizes=\"(max-width: 211px) 100vw, 211px\" \/>\t\t\t\t\t\t\t\t\t\t\t<figcaption class=\"widget-image-caption wp-caption-text\"><a href=\"tel:+7 7052735018\">+7 7052735018<\/a> <br><a href=\"mailto:Saibjabbor.Khasanov@gopa-afc.de\">Saibjabbor.Khasanov@gopa-afc.de<\/a><\/figcaption>\n\t\t\t\t\t\t\t\t\t\t<\/figure>\n\t\t\t\t\t\t\t<\/div>\n\t\t\t\t<\/div>\n\t\t\t\t\t<\/div>\n\t\t<\/div>\n\t\t\t\t\t<\/div>\n\t\t<\/section>\n\t\t\t\t<section class=\"elementor-section elementor-top-section elementor-element elementor-element-b90e723 elementor-section-boxed elementor-section-height-default elementor-section-height-default\" data-id=\"b90e723\" data-element_type=\"section\">\n\t\t\t\t\t\t<div class=\"elementor-container elementor-column-gap-default\">\n\t\t\t\t\t<div class=\"elementor-column elementor-col-50 elementor-top-column elementor-element elementor-element-b790b02\" data-id=\"b790b02\" data-element_type=\"column\">\n\t\t\t<div class=\"elementor-widget-wrap elementor-element-populated\">\n\t\t\t\t\t\t<div class=\"elementor-element elementor-element-9c835f2 elementor-widget elementor-widget-text-editor\" data-id=\"9c835f2\" data-element_type=\"widget\" data-widget_type=\"text-editor.default\">\n\t\t\t\t<div class=\"elementor-widget-container\">\n\t\t\t\t\t\t\t<p><strong>Lunara Umralinova, Expertin f\u00fcr Agrarfinanzierung<\/strong><\/p>\n<p>Frau Umralinova ist lokale Expertin f\u00fcr Agrarfinanzierung. Sie besitzt eine universit\u00e4re technische und wirtschaftliche Ausbildung und einen Master-Abschluss in Politik (S\u00fcd-Korea). Sie verf\u00fcgt \u00fcber mehr als 17 Jahre Erfahrung in staatlichen und quasi-staatlichen Organisationen im Bereich staatlicher Regulierung und F\u00f6rderung der Landwirtschaft im Landwirtschaftsministerium der Republik Kasachstan und in der Holding \u201eKazAgro-AG\u201c und in internationalen landwirtschaftlichen Entwicklungsprojekten. Frau Umralinova spricht flie\u00dfend Kasachisch, Russisch und Englisch.<\/p>\t\t\t\t\t\t<\/div>\n\t\t\t\t<\/div>\n\t\t\t\t\t<\/div>\n\t\t<\/div>\n\t\t\t\t<div class=\"elementor-column elementor-col-50 elementor-top-column elementor-element elementor-element-4f9aa2c\" data-id=\"4f9aa2c\" data-element_type=\"column\">\n\t\t\t<div class=\"elementor-widget-wrap elementor-element-populated\">\n\t\t\t\t\t\t<div class=\"elementor-element elementor-element-9f3dde9 elementor-widget elementor-widget-image\" data-id=\"9f3dde9\" data-element_type=\"widget\" data-widget_type=\"image.default\">\n\t\t\t\t<div class=\"elementor-widget-container\">\n\t\t\t\t\t\t\t\t\t\t<figure class=\"wp-caption\">\n\t\t\t\t\t\t\t\t\t\t<img decoding=\"async\" src=\"https:\/\/agrardialog-kaz.de\/wp-content\/uploads\/elementor\/thumbs\/lunara-photo-e1617091713504-p542milg6l140smjrgn8pjx93czdra3exxapvbp29k.jpg\" title=\"[:ru]lunara photo[:]\" alt=\"[:ru]lunara photo[:]\" loading=\"lazy\" \/>\t\t\t\t\t\t\t\t\t\t\t<figcaption class=\"widget-image-caption wp-caption-text\"><a href=\"tel:+77473663091\">+7 747 366 3091<\/a> <br><a href=\"mailto:Lunara.Umralinova@gopa-afc.de\">Lunara.Umralinova@gopa-afc.de<\/a><\/figcaption>\n\t\t\t\t\t\t\t\t\t\t<\/figure>\n\t\t\t\t\t\t\t<\/div>\n\t\t\t\t<\/div>\n\t\t\t\t\t<\/div>\n\t\t<\/div>\n\t\t\t\t\t<\/div>\n\t\t<\/section>\n\t\t\t\t<section class=\"elementor-section elementor-top-section elementor-element elementor-element-a93e9bf elementor-section-boxed elementor-section-height-default elementor-section-height-default\" data-id=\"a93e9bf\" data-element_type=\"section\">\n\t\t\t\t\t\t<div class=\"elementor-container elementor-column-gap-default\">\n\t\t\t\t\t<div class=\"elementor-column elementor-col-50 elementor-top-column elementor-element elementor-element-d920977\" data-id=\"d920977\" data-element_type=\"column\">\n\t\t\t<div class=\"elementor-widget-wrap elementor-element-populated\">\n\t\t\t\t\t\t<div class=\"elementor-element elementor-element-8f8499f elementor-widget elementor-widget-text-editor\" data-id=\"8f8499f\" data-element_type=\"widget\" data-widget_type=\"text-editor.default\">\n\t\t\t\t<div class=\"elementor-widget-container\">\n\t\t\t\t\t\t\t<p><strong>Aliya Akhanova, Projektassistentin<\/strong><\/p>\n<p>Frau Akhanova absolvierte die Staatliche Karaganda-Universit\u00e4t, Fakult\u00e4t f\u00fcr Fremdsprachen. Sie hat in zahlreichen internationalen Projekten gearbeitet und war bereits in der Anfangsphase des APD von 2010-2012 im APD besch\u00e4ftigt. Im Projekt ist Frau Akhanova vor allem f\u00fcr die Organisation von Veranstaltungen, Finanzmanagement, \u00dcbersetzungen von Berichten und Publikationsmaterialien und f\u00fcr den Austausch unter den Partnern zust\u00e4ndig. Frau Akhanova spricht flie\u00dfend Kasachisch, Russisch und Deutsch.<\/p>\t\t\t\t\t\t<\/div>\n\t\t\t\t<\/div>\n\t\t\t\t\t<\/div>\n\t\t<\/div>\n\t\t\t\t<div class=\"elementor-column elementor-col-50 elementor-top-column elementor-element elementor-element-486c2c3\" data-id=\"486c2c3\" data-element_type=\"column\">\n\t\t\t<div class=\"elementor-widget-wrap elementor-element-populated\">\n\t\t\t\t\t\t<div class=\"elementor-element elementor-element-cf96be1 elementor-widget elementor-widget-image\" data-id=\"cf96be1\" data-element_type=\"widget\" data-widget_type=\"image.default\">\n\t\t\t\t<div class=\"elementor-widget-container\">\n\t\t\t\t\t\t\t\t\t\t<figure class=\"wp-caption\">\n\t\t\t\t\t\t\t\t\t\t<img decoding=\"async\" width=\"828\" height=\"558\" src=\"https:\/\/agrardialog-kaz.de\/wp-content\/uploads\/2021\/03\/img_7361-e1617091808396.jpg\" class=\"attachment-full size-full wp-image-4429\" alt=\"\" \/>\t\t\t\t\t\t\t\t\t\t\t<figcaption class=\"widget-image-caption wp-caption-text\"><a href=\"tel:+77473663091\">+7 747 366 3091<\/a> <br><a href=\"mailto:Aliya.Akhanova@gopa-afc.de\">Aliya.Akhanova@gopa-afc.de<\/a><\/figcaption>\n\t\t\t\t\t\t\t\t\t\t<\/figure>\n\t\t\t\t\t\t\t<\/div>\n\t\t\t\t<\/div>\n\t\t\t\t\t<\/div>\n\t\t<\/div>\n\t\t\t\t\t<\/div>\n\t\t<\/section>\n\t\t\t\t<section class=\"elementor-section elementor-top-section elementor-element elementor-element-a08acaf elementor-section-boxed elementor-section-height-default elementor-section-height-default\" data-id=\"a08acaf\" data-element_type=\"section\">\n\t\t\t\t\t\t<div class=\"elementor-container elementor-column-gap-default\">\n\t\t\t\t\t<div class=\"elementor-column elementor-col-100 elementor-top-column elementor-element elementor-element-8d185c7\" data-id=\"8d185c7\" data-element_type=\"column\">\n\t\t\t<div class=\"elementor-widget-wrap elementor-element-populated\">\n\t\t\t\t\t\t<div class=\"elementor-element elementor-element-dd5ac5e elementor-widget elementor-widget-text-editor\" data-id=\"dd5ac5e\" data-element_type=\"widget\" data-widget_type=\"text-editor.default\">\n\t\t\t\t<div class=\"elementor-widget-container\">\n\t\t\t\t\t\t\t<p><strong>B\u00fcro in Deutschland:<\/strong><\/p>\n<p>GOPA AFC GmbH<\/p>\n<p>Baunscheidtstr. 17<\/p>\n<p>53113 Bonn<\/p>\n<p>Germany<\/p>\t\t\t\t\t\t<\/div>\n\t\t\t\t<\/div>\n\t\t\t\t\t<\/div>\n\t\t<\/div>\n\t\t\t\t\t<\/div>\n\t\t<\/section>\n\t\t\t\t<section class=\"elementor-section elementor-top-section elementor-element elementor-element-51e4cde elementor-section-boxed elementor-section-height-default elementor-section-height-default\" data-id=\"51e4cde\" data-element_type=\"section\">\n\t\t\t\t\t\t<div class=\"elementor-container elementor-column-gap-default\">\n\t\t\t\t\t<div class=\"elementor-column elementor-col-50 elementor-top-column elementor-element elementor-element-d0169ff\" data-id=\"d0169ff\" data-element_type=\"column\">\n\t\t\t<div class=\"elementor-widget-wrap elementor-element-populated\">\n\t\t\t\t\t\t<div class=\"elementor-element elementor-element-509c332 elementor-widget elementor-widget-text-editor\" data-id=\"509c332\" data-element_type=\"widget\" data-widget_type=\"text-editor.default\">\n\t\t\t\t<div class=\"elementor-widget-container\">\n\t\t\t\t\t\t\t<p><strong>Stefanie Maak, Projektmanagerin<\/strong><\/p>\n<p>Frau Maak verf\u00fcgt \u00fcber einen Master-Abschluss in Agrarwissenschaften von der Georg-August-Universit\u00e4t G\u00f6ttingen. Bei der AFC arbeitet sie seit 2009 mit dem Schwerpunkt auf den Projekten des Bundeskooperationsprogramms in den L\u00e4ndern Osteuropas und China. Im APD Kasachstan ist Frau Maak als Backstopperin f\u00fcr die Koordination des Projektes von Deutschland aus zust\u00e4ndig. Sie unterst\u00fctzt das Team als Br\u00fccke zwischen dem Auftraggeber und dem Projekt vor Ort.<\/p>\t\t\t\t\t\t<\/div>\n\t\t\t\t<\/div>\n\t\t\t\t\t<\/div>\n\t\t<\/div>\n\t\t\t\t<div class=\"elementor-column elementor-col-50 elementor-top-column elementor-element elementor-element-467b456\" data-id=\"467b456\" data-element_type=\"column\">\n\t\t\t<div class=\"elementor-widget-wrap elementor-element-populated\">\n\t\t\t\t\t\t<div class=\"elementor-element elementor-element-f647f3c elementor-widget elementor-widget-image\" data-id=\"f647f3c\" data-element_type=\"widget\" data-widget_type=\"image.default\">\n\t\t\t\t<div class=\"elementor-widget-container\">\n\t\t\t\t\t\t\t\t\t\t<figure class=\"wp-caption\">\n\t\t\t\t\t\t\t\t\t\t<img loading=\"lazy\" decoding=\"async\" width=\"2374\" height=\"2374\" src=\"https:\/\/agrardialog-kaz.de\/wp-content\/uploads\/2020\/06\/fotobonn_stefanie-maak-kopie-scaled-e1617091526733.jpg\" class=\"attachment-full size-full wp-image-1131\" alt=\"\" srcset=\"https:\/\/agrardialog-kaz.de\/wp-content\/uploads\/2020\/06\/fotobonn_stefanie-maak-kopie-scaled-e1617091526733.jpg 2374w, https:\/\/agrardialog-kaz.de\/wp-content\/uploads\/2020\/06\/fotobonn_stefanie-maak-kopie-scaled-e1617091526733-300x300.jpg 300w, https:\/\/agrardialog-kaz.de\/wp-content\/uploads\/2020\/06\/fotobonn_stefanie-maak-kopie-scaled-e1617091526733-1024x1024.jpg 1024w, https:\/\/agrardialog-kaz.de\/wp-content\/uploads\/2020\/06\/fotobonn_stefanie-maak-kopie-scaled-e1617091526733-150x150.jpg 150w, https:\/\/agrardialog-kaz.de\/wp-content\/uploads\/2020\/06\/fotobonn_stefanie-maak-kopie-scaled-e1617091526733-768x768.jpg 768w, https:\/\/agrardialog-kaz.de\/wp-content\/uploads\/2020\/06\/fotobonn_stefanie-maak-kopie-scaled-e1617091526733-1536x1536.jpg 1536w, https:\/\/agrardialog-kaz.de\/wp-content\/uploads\/2020\/06\/fotobonn_stefanie-maak-kopie-scaled-e1617091526733-2048x2048.jpg 2048w\" sizes=\"(max-width: 2374px) 100vw, 2374px\" \/>\t\t\t\t\t\t\t\t\t\t\t<figcaption class=\"widget-image-caption wp-caption-text\"><a href=\"tel:+4922892394059\">+49 228 923940 59<\/a> <br><a href=\"mailto:stefanie.maak@afci.de\">stefanie.maak@gopa-afc.de<\/a><br><a href=\"https:\/\/www.gopa-afc.de\">https:\/\/www.gopa-afc.de<\/a><\/figcaption>\n\t\t\t\t\t\t\t\t\t\t<\/figure>\n\t\t\t\t\t\t\t<\/div>\n\t\t\t\t<\/div>\n\t\t\t\t\t<\/div>\n\t\t<\/div>\n\t\t\t\t\t<\/div>\n\t\t<\/section>\n\t\t\t\t<section class=\"elementor-section elementor-top-section elementor-element elementor-element-6f17352 elementor-section-boxed elementor-section-height-default elementor-section-height-default\" data-id=\"6f17352\" data-element_type=\"section\">\n\t\t\t\t\t\t<div class=\"elementor-container elementor-column-gap-default\">\n\t\t\t\t\t<div class=\"elementor-column elementor-col-100 elementor-top-column elementor-element elementor-element-4180464\" data-id=\"4180464\" data-element_type=\"column\">\n\t\t\t<div class=\"elementor-widget-wrap elementor-element-populated\">\n\t\t\t\t\t\t<div class=\"elementor-element elementor-element-46f5d8d elementor-widget elementor-widget-text-editor\" data-id=\"46f5d8d\" data-element_type=\"widget\" data-widget_type=\"text-editor.default\">\n\t\t\t\t<div class=\"elementor-widget-container\">\n\t\t\t\t\t\t\t<div><div><p>Angaben gem\u00e4\u00df \u00a75 TMG<\/p><p><b style=\"color: #2c2d2e; font-family: Arial, Tahoma, Verdana, sans-serif;\"><span lang=\"EN-GB\">GOPA AFC GmbH<\/span><\/b><\/p><\/div><div><p><strong>Postanschrift:<\/strong><\/p><p>Baunscheidtstr. 17<\/p><p>53113 Bonn<\/p><p>Germany<\/p><\/div><div>\u00a0<\/div><div><strong>Urheberrechtliche Hinweise<\/strong><\/div><div><p>Deutsch-Kasachischer Agrarpolitischer Dialog<\/p><p>GOPA AFC GmbH<\/p><\/div><div><p><strong>Verantwortlich f\u00fcr die journalistisch-redaktionellen Inhalte sind:<\/strong><\/p><p>Klaus John , Lunara Umralinova, Aliya Akhanova<\/p><\/div><div><p><strong>Deutsch-Kasachischer Agrarpolitischer Dialog<\/strong><\/p><p>010000 Kasachstan Astana, Kabanbay Batyra 17, Office 608<\/p><p style=\"font-size: 15px; font-style: normal; font-weight: 400;\"><a style=\"font-size: 15px;\" href=\"mailto:Info.apdkaz@gopa-afc.de\">E-Mail: Info.apdkaz@gopa-afc.de<\/a><\/p><\/div><\/div><div>\u00a0<\/div>\t\t\t\t\t\t<\/div>\n\t\t\t\t<\/div>\n\t\t\t\t\t<\/div>\n\t\t<\/div>\n\t\t\t\t\t<\/div>\n\t\t<\/section>\n\t\t\t\t<section class=\"elementor-section elementor-top-section elementor-element elementor-element-2b78a46 elementor-section-boxed elementor-section-height-default elementor-section-height-default\" data-id=\"2b78a46\" data-element_type=\"section\">\n\t\t\t\t\t\t<div class=\"elementor-container elementor-column-gap-default\">\n\t\t\t\t\t<div class=\"elementor-column elementor-col-100 elementor-top-column elementor-element elementor-element-0e4b207\" data-id=\"0e4b207\" data-element_type=\"column\">\n\t\t\t<div class=\"elementor-widget-wrap elementor-element-populated\">\n\t\t\t\t\t\t<div class=\"elementor-element elementor-element-0a32d4a elementor-widget elementor-widget-image\" data-id=\"0a32d4a\" data-element_type=\"widget\" data-widget_type=\"image.default\">\n\t\t\t\t<div class=\"elementor-widget-container\">\n\t\t\t\t\t\t\t\t\t\t\t\t\t<img decoding=\"async\" src=\"https:\/\/agrardialog-kaz.de\/wp-content\/plugins\/elementor\/assets\/images\/placeholder.png\" title=\"\" alt=\"\" loading=\"lazy\" \/>\t\t\t\t\t\t\t\t\t\t\t\t\t<\/div>\n\t\t\t\t<\/div>\n\t\t\t\t\t<\/div>\n\t\t<\/div>\n\t\t\t\t\t<\/div>\n\t\t<\/section>\n\t\t\t\t<\/div>\n\t\t","protected":false},"excerpt":{"rendered":"<p>B\u00fcro in Kasachstan: Deutsch-Kasachischer Agrarpolitischer Dialog 010000 Kasachstan Astana, Kabanbay Batyra 17, Office 608 \u00a0 Klaus John \u2013 Projektleiter \u00a0 Aufgewachsen ist Klaus John in Irland und ist bereits 40 Jahre in der Agrar- und Ern\u00e4hrungswirtschaft t\u00e4tig. Nach der praktischen Ausbildung und dem Studium der Agrarwissenschaften fand er seinen beruflichen Einstieg in der landwirtschaftlichen Unternehmensberatung. [&hellip;]<\/p>\n","protected":false},"author":4,"featured_media":0,"parent":0,"menu_order":3,"comment_status":"closed","ping_status":"closed","template":"","meta":{"site-sidebar-layout":"default","site-content-layout":"default","ast-site-content-layout":"","site-content-style":"default","site-sidebar-style":"default","ast-global-header-display":"","ast-banner-title-visibility":"","ast-main-header-display":"","ast-hfb-above-header-display":"","ast-hfb-below-header-display":"","ast-hfb-mobile-header-display":"","site-post-title":"","ast-breadcrumbs-content":"","ast-featured-img":"","footer-sml-layout":"","theme-transparent-header-meta":"default","adv-header-id-meta":"","stick-header-meta":"","header-above-stick-meta":"","header-main-stick-meta":"","header-below-stick-meta":"","astra-migrate-meta-layouts":"default","ast-page-background-enabled":"default","ast-page-background-meta":{"desktop":{"background-color":"","background-image":"","background-repeat":"repeat","background-position":"center center","background-size":"auto","background-attachment":"scroll","background-type":"","background-media":"","overlay-type":"","overlay-color":"","overlay-opacity":"","overlay-gradient":""},"tablet":{"background-color":"","background-image":"","background-repeat":"repeat","background-position":"center center","background-size":"auto","background-attachment":"scroll","background-type":"","background-media":"","overlay-type":"","overlay-color":"","overlay-opacity":"","overlay-gradient":""},"mobile":{"background-color":"","background-image":"","background-repeat":"repeat","background-position":"center center","background-size":"auto","background-attachment":"scroll","background-type":"","background-media":"","overlay-type":"","overlay-color":"","overlay-opacity":"","overlay-gradient":""}},"ast-content-background-meta":{"desktop":{"background-color":"var(--ast-global-color-5)","background-image":"","background-repeat":"repeat","background-position":"center center","background-size":"auto","background-attachment":"scroll","background-type":"","background-media":"","overlay-type":"","overlay-color":"","overlay-opacity":"","overlay-gradient":""},"tablet":{"background-color":"var(--ast-global-color-5)","background-image":"","background-repeat":"repeat","background-position":"center center","background-size":"auto","background-attachment":"scroll","background-type":"","background-media":"","overlay-type":"","overlay-color":"","overlay-opacity":"","overlay-gradient":""},"mobile":{"background-color":"var(--ast-global-color-5)","background-image":"","background-repeat":"repeat","background-position":"center center","background-size":"auto","background-attachment":"scroll","background-type":"","background-media":"","overlay-type":"","overlay-color":"","overlay-opacity":"","overlay-gradient":""}},"footnotes":""},"class_list":["post-2173","page","type-page","status-publish","hentry"],"_links":{"self":[{"href":"https:\/\/agrardialog-kaz.de\/de\/wp-json\/wp\/v2\/pages\/2173","targetHints":{"allow":["GET"]}}],"collection":[{"href":"https:\/\/agrardialog-kaz.de\/de\/wp-json\/wp\/v2\/pages"}],"about":[{"href":"https:\/\/agrardialog-kaz.de\/de\/wp-json\/wp\/v2\/types\/page"}],"author":[{"embeddable":true,"href":"https:\/\/agrardialog-kaz.de\/de\/wp-json\/wp\/v2\/users\/4"}],"replies":[{"embeddable":true,"href":"https:\/\/agrardialog-kaz.de\/de\/wp-json\/wp\/v2\/comments?post=2173"}],"version-history":[{"count":75,"href":"https:\/\/agrardialog-kaz.de\/de\/wp-json\/wp\/v2\/pages\/2173\/revisions"}],"predecessor-version":[{"id":7617,"href":"https:\/\/agrardialog-kaz.de\/de\/wp-json\/wp\/v2\/pages\/2173\/revisions\/7617"}],"wp:attachment":[{"href":"https:\/\/agrardialog-kaz.de\/de\/wp-json\/wp\/v2\/media?parent=2173"}],"curies":[{"name":"wp","href":"https:\/\/api.w.org\/{rel}","templated":true}]}}