{"id":1081,"date":"2020-06-10T13:00:42","date_gmt":"2020-06-10T10:00:42","guid":{"rendered":"http:\/\/xn----7sbbighlkm9ahj2air.kiev.ua\/?page_id=1081"},"modified":"2021-03-30T07:42:04","modified_gmt":"2021-03-30T04:42:04","slug":"zakonodatelstvo","status":"publish","type":"page","link":"https:\/\/agrardialog-kaz.de\/de\/zakonodatelstvo\/","title":{"rendered":"Gesetzgebung"},"content":{"rendered":"\t\t<div data-elementor-type=\"wp-page\" data-elementor-id=\"1081\" class=\"elementor elementor-1081\">\n\t\t\t\t\t\t<section class=\"elementor-section elementor-top-section elementor-element elementor-element-fecb55c elementor-section-boxed elementor-section-height-default elementor-section-height-default\" data-id=\"fecb55c\" data-element_type=\"section\">\n\t\t\t\t\t\t<div class=\"elementor-container elementor-column-gap-default\">\n\t\t\t\t\t<div class=\"elementor-column elementor-col-100 elementor-top-column elementor-element elementor-element-2972d07\" data-id=\"2972d07\" data-element_type=\"column\">\n\t\t\t<div class=\"elementor-widget-wrap elementor-element-populated\">\n\t\t\t\t\t\t\t<\/div>\n\t\t<\/div>\n\t\t\t\t\t<\/div>\n\t\t<\/section>\n\t\t\t\t<section class=\"elementor-section elementor-top-section elementor-element elementor-element-15397a80 elementor-section-boxed elementor-section-height-default elementor-section-height-default\" data-id=\"15397a80\" data-element_type=\"section\">\n\t\t\t\t\t\t<div class=\"elementor-container elementor-column-gap-default\">\n\t\t\t\t\t<div class=\"elementor-column elementor-col-100 elementor-top-column elementor-element elementor-element-1f892c00\" data-id=\"1f892c00\" data-element_type=\"column\">\n\t\t\t<div class=\"elementor-widget-wrap elementor-element-populated\">\n\t\t\t\t\t\t<div class=\"elementor-element elementor-element-4fa86e45 elementor-widget elementor-widget-text-editor\" data-id=\"4fa86e45\" data-element_type=\"widget\" data-widget_type=\"text-editor.default\">\n\t\t\t\t<div class=\"elementor-widget-container\">\n\t\t\t\t\t\t\t\n\n\n<hr class=\"wp-block-separator is-style-wide\"\/>\n\n\n\n<p>Im Rahmen unserer Projektt\u00e4tigkeit in Kasachstan verfolgen wir auch die Ver\u00e4nderung von Gesetzen und Durchf\u00fchrungsbestimmungen, die f\u00fcr die Land- und Ern\u00e4hrungswirtschaft relevant sind. Mit diesem Newsletter bieten wir Ihnen erstmals einen neuen Service zur Information \u00fcber Gesetzes\u00e4nderungen in Kasachstan an. Sollte dieser neue Service Zustimmung finden, werden wir Ihn nat\u00fcrlich auch im kommenden Jahr fortsetzen. Analog zu unserem viertelj\u00e4hrlichen Newsletter erscheint die Information sowohl in deutscher als auch in russischer Sprache.<\/p>\n\t\t\t\t\t\t<\/div>\n\t\t\t\t<\/div>\n\t\t\t\t\t<\/div>\n\t\t<\/div>\n\t\t\t\t\t<\/div>\n\t\t<\/section>\n\t\t\t\t<\/div>\n\t\t","protected":false},"excerpt":{"rendered":"<p>Im Rahmen unserer Projektt\u00e4tigkeit in Kasachstan verfolgen wir auch die Ver\u00e4nderung von Gesetzen und Durchf\u00fchrungsbestimmungen, die f\u00fcr die Land- und Ern\u00e4hrungswirtschaft relevant sind. Mit diesem Newsletter bieten wir Ihnen erstmals einen neuen Service zur Information \u00fcber Gesetzes\u00e4nderungen in Kasachstan an. Sollte dieser neue Service Zustimmung finden, werden wir Ihn nat\u00fcrlich auch im kommenden Jahr fortsetzen. [&hellip;]<\/p>\n","protected":false},"author":4,"featured_media":0,"parent":0,"menu_order":0,"comment_status":"closed","ping_status":"closed","template":"","meta":{"site-sidebar-layout":"default","site-content-layout":"default","ast-site-content-layout":"","site-content-style":"default","site-sidebar-style":"default","ast-global-header-display":"","ast-banner-title-visibility":"","ast-main-header-display":"","ast-hfb-above-header-display":"","ast-hfb-below-header-display":"","ast-hfb-mobile-header-display":"","site-post-title":"","ast-breadcrumbs-content":"","ast-featured-img":"","footer-sml-layout":"","theme-transparent-header-meta":"default","adv-header-id-meta":"","stick-header-meta":"","header-above-stick-meta":"","header-main-stick-meta":"","header-below-stick-meta":"","astra-migrate-meta-layouts":"default","ast-page-background-enabled":"default","ast-page-background-meta":{"desktop":{"background-color":"","background-image":"","background-repeat":"repeat","background-position":"center center","background-size":"auto","background-attachment":"scroll","background-type":"","background-media":"","overlay-type":"","overlay-color":"","overlay-opacity":"","overlay-gradient":""},"tablet":{"background-color":"","background-image":"","background-repeat":"repeat","background-position":"center center","background-size":"auto","background-attachment":"scroll","background-type":"","background-media":"","overlay-type":"","overlay-color":"","overlay-opacity":"","overlay-gradient":""},"mobile":{"background-color":"","background-image":"","background-repeat":"repeat","background-position":"center center","background-size":"auto","background-attachment":"scroll","background-type":"","background-media":"","overlay-type":"","overlay-color":"","overlay-opacity":"","overlay-gradient":""}},"ast-content-background-meta":{"desktop":{"background-color":"var(--ast-global-color-5)","background-image":"","background-repeat":"repeat","background-position":"center center","background-size":"auto","background-attachment":"scroll","background-type":"","background-media":"","overlay-type":"","overlay-color":"","overlay-opacity":"","overlay-gradient":""},"tablet":{"background-color":"var(--ast-global-color-5)","background-image":"","background-repeat":"repeat","background-position":"center center","background-size":"auto","background-attachment":"scroll","background-type":"","background-media":"","overlay-type":"","overlay-color":"","overlay-opacity":"","overlay-gradient":""},"mobile":{"background-color":"var(--ast-global-color-5)","background-image":"","background-repeat":"repeat","background-position":"center center","background-size":"auto","background-attachment":"scroll","background-type":"","background-media":"","overlay-type":"","overlay-color":"","overlay-opacity":"","overlay-gradient":""}},"footnotes":""},"class_list":["post-1081","page","type-page","status-publish","hentry"],"_links":{"self":[{"href":"https:\/\/agrardialog-kaz.de\/de\/wp-json\/wp\/v2\/pages\/1081","targetHints":{"allow":["GET"]}}],"collection":[{"href":"https:\/\/agrardialog-kaz.de\/de\/wp-json\/wp\/v2\/pages"}],"about":[{"href":"https:\/\/agrardialog-kaz.de\/de\/wp-json\/wp\/v2\/types\/page"}],"author":[{"embeddable":true,"href":"https:\/\/agrardialog-kaz.de\/de\/wp-json\/wp\/v2\/users\/4"}],"replies":[{"embeddable":true,"href":"https:\/\/agrardialog-kaz.de\/de\/wp-json\/wp\/v2\/comments?post=1081"}],"version-history":[{"count":0,"href":"https:\/\/agrardialog-kaz.de\/de\/wp-json\/wp\/v2\/pages\/1081\/revisions"}],"wp:attachment":[{"href":"https:\/\/agrardialog-kaz.de\/de\/wp-json\/wp\/v2\/media?parent=1081"}],"curies":[{"name":"wp","href":"https:\/\/api.w.org\/{rel}","templated":true}]}}